{"id":24,"date":"2018-07-24T11:44:35","date_gmt":"2018-07-24T08:44:35","guid":{"rendered":"https:\/\/www.efisannointi.fi\/www\/?page_id=24"},"modified":"2025-03-23T10:17:44","modified_gmt":"2025-03-23T08:17:44","slug":"isannoitsija-taina-lackman","status":"publish","type":"page","link":"https:\/\/www.efisannointi.fi\/www\/?page_id=24","title":{"rendered":"Is\u00e4nn\u00f6itsij\u00e4 Taina Lackman"},"content":{"rendered":"\n<p><strong><u>Taina Lackman<\/u><\/strong><\/p>\n\n\n\n<p>KTM, VTK<\/p>\n\n\n\n<p>HHJ, HHJ-PJ<\/p>\n\n\n\n<p>Yritt\u00e4j\u00e4 vuodesta 1997<\/p>\n\n\n\n<p>Is\u00e4nn\u00f6innin erikoistumisopinnot Metropolia amk:ssa<\/p>\n\n\n\n<p>Is\u00e4nn\u00f6itsij\u00e4n\u00e4 vuodesta 2012<\/p>\n\n\n\n<p>Erityisosaaminen<\/p>\n\n\n\n<p>&#8211; Taloyhti\u00f6iden hallinnointi<\/p>\n\n\n\n<p>&#8211; Kilpailutus<\/p>\n\n\n\n<p>&#8211; Juridiikka<\/p>\n\n\n\n<p><\/p>\n\n\n\n<p><\/p>\n\n\n\n<br>\n<p>Tarjoan my\u00f6s hallitusammattilaisen palveluita<\/p>\n","protected":false},"excerpt":{"rendered":"<p>Taina Lackman KTM, VTK HHJ, HHJ-PJ Yritt\u00e4j\u00e4 vuodesta 1997 Is\u00e4nn\u00f6innin erikoistumisopinnot Metropolia amk:ssa Is\u00e4nn\u00f6itsij\u00e4n\u00e4 vuodesta 2012 Erityisosaaminen &#8211; Taloyhti\u00f6iden hallinnointi &#8211; Kilpailutus &#8211; Juridiikka Tarjoan my\u00f6s hallitusammattilaisen palveluita<\/p>\n","protected":false},"author":1,"featured_media":0,"parent":0,"menu_order":0,"comment_status":"closed","ping_status":"closed","template":"","meta":{"footnotes":""},"class_list":["post-24","page","type-page","status-publish","hentry"],"_links":{"self":[{"href":"https:\/\/www.efisannointi.fi\/www\/index.php?rest_route=\/wp\/v2\/pages\/24","targetHints":{"allow":["GET"]}}],"collection":[{"href":"https:\/\/www.efisannointi.fi\/www\/index.php?rest_route=\/wp\/v2\/pages"}],"about":[{"href":"https:\/\/www.efisannointi.fi\/www\/index.php?rest_route=\/wp\/v2\/types\/page"}],"author":[{"embeddable":true,"href":"https:\/\/www.efisannointi.fi\/www\/index.php?rest_route=\/wp\/v2\/users\/1"}],"replies":[{"embeddable":true,"href":"https:\/\/www.efisannointi.fi\/www\/index.php?rest_route=%2Fwp%2Fv2%2Fcomments&post=24"}],"version-history":[{"count":6,"href":"https:\/\/www.efisannointi.fi\/www\/index.php?rest_route=\/wp\/v2\/pages\/24\/revisions"}],"predecessor-version":[{"id":217,"href":"https:\/\/www.efisannointi.fi\/www\/index.php?rest_route=\/wp\/v2\/pages\/24\/revisions\/217"}],"wp:attachment":[{"href":"https:\/\/www.efisannointi.fi\/www\/index.php?rest_route=%2Fwp%2Fv2%2Fmedia&parent=24"}],"curies":[{"name":"wp","href":"https:\/\/api.w.org\/{rel}","templated":true}]}}