{"id":69,"date":"2020-10-23T12:44:54","date_gmt":"2020-10-23T09:44:54","guid":{"rendered":"https:\/\/www.efisannointi.fi\/www\/?page_id=69"},"modified":"2025-12-28T12:47:23","modified_gmt":"2025-12-28T10:47:23","slug":"lomakkeet","status":"publish","type":"page","link":"https:\/\/www.efisannointi.fi\/www\/?page_id=69","title":{"rendered":"Lomakkeet"},"content":{"rendered":"\n<p><a href=\"https:\/\/docs.google.com\/forms\/d\/e\/1FAIpQLSeKUij1zIKE6HOojys9N8gJ-U5FxtGZHGCqLm23wOzrRTcmPg\/viewform?usp=dialog\">Yhteystietojen ilmoittaminen<\/a><\/p>\n\n\n\n<p><a href=\"https:\/\/docs.google.com\/forms\/d\/e\/1FAIpQLSeabrZSspAgXOBTixlx-Dqeg5Baj5KQ_PE_FTesZTTOgIwoKg\/viewform?usp=header\">Korjaus- tai muutosty\u00f6st\u00e4 ilmoittaminen (remontti-ilmoitus)<\/a><\/p>\n\n\n\n<p><a href=\"https:\/\/docs.google.com\/forms\/d\/e\/1FAIpQLSdZMJLKjtu60-rsXYYaQBI4K7CeaZXJrQ6TezQRZH7xnPoPog\/viewform?usp=sf_link\">H\u00e4iri\u00f6st\u00e4 ilmoittaminen<\/a><\/p>\n\n\n\n<p><a href=\"https:\/\/docs.google.com\/forms\/d\/e\/1FAIpQLSczA0CDZgCrIOmaJ0DMS0rdEikSnaZyZ6mxKA_Ib7-lyQVYNQ\/viewform?usp=sf_link\">Vesimittarin lukemailmoitus<\/a><\/p>\n\n\n\n<p><a href=\"https:\/\/docs.google.com\/forms\/d\/1TqSbvrSdhXjQIHu89N8sYQtr04V5bZ8KybdeV5UL7FA\/edit\" data-type=\"URL\" data-id=\"https:\/\/docs.google.com\/forms\/d\/1TqSbvrSdhXjQIHu89N8sYQtr04V5bZ8KybdeV5UL7FA\/edit\">Kun muutat asunnostasi pois<\/a><\/p>\n\n\n\n<p><\/p>\n","protected":false},"excerpt":{"rendered":"<p>Yhteystietojen ilmoittaminen Korjaus- tai muutosty\u00f6st\u00e4 ilmoittaminen (remontti-ilmoitus) H\u00e4iri\u00f6st\u00e4 ilmoittaminen Vesimittarin lukemailmoitus Kun muutat asunnostasi pois<\/p>\n","protected":false},"author":2,"featured_media":0,"parent":0,"menu_order":0,"comment_status":"closed","ping_status":"closed","template":"","meta":{"footnotes":""},"class_list":["post-69","page","type-page","status-publish","hentry"],"_links":{"self":[{"href":"https:\/\/www.efisannointi.fi\/www\/index.php?rest_route=\/wp\/v2\/pages\/69","targetHints":{"allow":["GET"]}}],"collection":[{"href":"https:\/\/www.efisannointi.fi\/www\/index.php?rest_route=\/wp\/v2\/pages"}],"about":[{"href":"https:\/\/www.efisannointi.fi\/www\/index.php?rest_route=\/wp\/v2\/types\/page"}],"author":[{"embeddable":true,"href":"https:\/\/www.efisannointi.fi\/www\/index.php?rest_route=\/wp\/v2\/users\/2"}],"replies":[{"embeddable":true,"href":"https:\/\/www.efisannointi.fi\/www\/index.php?rest_route=%2Fwp%2Fv2%2Fcomments&post=69"}],"version-history":[{"count":12,"href":"https:\/\/www.efisannointi.fi\/www\/index.php?rest_route=\/wp\/v2\/pages\/69\/revisions"}],"predecessor-version":[{"id":247,"href":"https:\/\/www.efisannointi.fi\/www\/index.php?rest_route=\/wp\/v2\/pages\/69\/revisions\/247"}],"wp:attachment":[{"href":"https:\/\/www.efisannointi.fi\/www\/index.php?rest_route=%2Fwp%2Fv2%2Fmedia&parent=69"}],"curies":[{"name":"wp","href":"https:\/\/api.w.org\/{rel}","templated":true}]}}